{"id":32,"date":"2022-05-19T09:41:51","date_gmt":"2022-05-19T09:41:51","guid":{"rendered":"https:\/\/onal.atomweb.ml\/?page_id=32"},"modified":"2025-08-13T17:18:24","modified_gmt":"2025-08-13T14:18:24","slug":"despre","status":"publish","type":"page","link":"https:\/\/www.onal.ro\/ro\/despre\/","title":{"rendered":"Despre"},"content":{"rendered":"<p>Onal Boutique Hotelier se afla chiar in inima statiunii Mamaia, in imediata apropiere a Cazinoului, cu vedere catre Piateta din fata acestuia. Plaja se afla la doar 2 minute de mers pe jos, oferind astfel acces facil la cea mai importanta atractie a statiunii: Marea Neagra. De asemenea, hotelul se afla si in apropierea altor atractii turistice importante: Piateta Cazinoului, animata de fantani arteziene, Telegondola Mamaia, ce iti permite sa admiri panorama statiunii de la 50 m inaltime, Palatul Reginei Maria si multe altele. Iar daca vrei sa imbini relaxarea cu distractia, trebuie sa stii ca majoritatea cluburilor din Mamaia Nord sunt in apropiere.<br \/>\n&nbsp;<br \/>\n\u00cen sezonul estival, Prim\u0103ria Constan\u021ba organizeaz\u0103 frecvent concerte \u0219i spectacole live, \u00een special vineri, s\u00e2mb\u0103t\u0103 \u0219i duminic\u0103, \u00eentre orele 20:30 \u0219i 22:30.<br \/>\nOcazional, \u00een acelea\u0219i zile, au loc \u0219i scurte probe de sunet, desf\u0103\u0219urate \u00eenainte de \u00eenceperea evenimentelor, pentru reglaje tehnice.<br \/>\nAtmosfera este una plin\u0103 de via\u021b\u0103, specific\u0103 vacan\u021belor la mare, \u00eens\u0103 dorim s\u0103 oferim transparen\u021b\u0103 complet\u0103 pentru ca fiecare oaspete s\u0103 \u00ee\u0219i poat\u0103 planifica \u0219ederea \u00een cuno\u0219tin\u021b\u0103\u00a0de\u00a0cauz\u0103.<br \/>\n&nbsp;<br \/>\nHotelul dispune de 17 camere Deluxe si 1 suita Premium mobilate si decorate in stil modern, cu accent pe eleganta si confort, pentru ca tu ss te bucuri din plin de vacanta ta in statiunea Mamaia.<br \/>\n&nbsp;<br \/>\nFiecare camera este dotata cu Smart TV, telefon, birou, minibar cu bauturi racoritoare si alcoolice, frigider, seif, aer conditionat. In plus, in fiecare camera sunt oferite facilitati gratuite pentru prepararea de ceai si cafea pentru a da un start minunat diminetilor tale, oricand ar incepe ele. Mai mult, fiecare camera dispune de un mic balcon, potrivit pentru momentele cand vrei sa te bucuri de briza marina. Trei dintre camere sunt dotate cu balcoane exterioare tip terasa, unde te poti relaxa cu un espresso dimineata sau cu un prosecco admirand apusul din statiune.<br \/>\n&nbsp;<br \/>\nDe asemenea, fiecare camera dispune de baie proprie, dotata cu dus, uscator de par, papuci de casa si produse de igiena ambalate individual.<br \/>\n&nbsp;<br \/>\nIti poti incepe ziua cu micul dejun oferit in stil bufet in cadrul restaurantului hotelului. Acesta are 16 locuri in interior si 80 de locuri pe terasa. Meniul variat include preparate traditionale si internationale rafinate, pregatite cu grija.<br \/>\n&nbsp;<br \/>\nOnal Boutique Hotelier din Mamaia este acel luxury hotel unde poti veni pentru a-ti reincarca bateriile, pentru a te bucura de confort si liniste si pentru a face din experienta ta de vacanta una de neuitat!<\/p>\n<p>&nbsp;<\/p>\n<p><strong>Facilitati<\/strong><\/p>\n<p>Animale de companie\u00a0&#8211; Nu este permis cu animale de companie.<\/p>\n<p>Internet &#8211; Acces Wi-Fi disponibil in mod gratuit \u00een toata unitatea de cazare.<\/p>\n<p><strong>General:<\/strong><\/p>\n<ul class=\"lst-kix_gzzis5eoqwot-0 start\">\n<li>Facilitati pentru persoane cu dizabilitati<\/li>\n<li>Suita premium pentru familii<\/li>\n<li>Lift<\/li>\n<li>Camere antifonate<\/li>\n<li>Camerele sunt dotate cu pat matrimonial iar capacitatea camerelor este de doi adulti si un copil<\/li>\n<li>Mini Lounge cu TV<\/li>\n<li>Aer conditionat<\/li>\n<li>Seif<\/li>\n<li>Nu se permite fumatul in interior<\/li>\n<\/ul>\n<p>&nbsp;<\/p>\n<p><strong>Mancare si bauturi<\/strong><\/p>\n<ul class=\"lst-kix_yo1rvxnuwov-0 start\">\n<li>Restaurant<\/li>\n<li>Bar<\/li>\n<li>Meniu pentru diete speciale la comanda<\/li>\n<li>Micul dejun poate fi servit in camera<\/li>\n<\/ul>\n<p>&nbsp;<\/p>\n<p><strong>Receptie<\/strong><\/p>\n<ul class=\"lst-kix_pnuoz54mz55n-0 start\">\n<li>Deschisa non-stop<\/li>\n<li>Express check-in<\/li>\n<li>Spatiu de depozitare pentru bagaje<\/li>\n<li>Se ofera factura<\/li>\n<li>Acceptam plata cu cardul de vacanta.<\/li>\n<\/ul>\n<p>&nbsp;<\/p>\n<p><strong>Exterior<\/strong><\/p>\n<ul class=\"lst-kix_fiaquqje01k0-0 start\">\n<li>Terasa exterioara<\/li>\n<li>Camere cu balcon sau terasa<\/li>\n<\/ul>\n<p>&nbsp;<\/p>\n<p><strong>Curatenie<\/strong><\/p>\n<ul class=\"lst-kix_st56kvd3d4za-0 start\">\n<li>Spalatorie \u00a0(costuri suplimentare)<\/li>\n<li>Servicii de calcatorie (costuri suplimentare)<\/li>\n<li>Curatatorie chimica (costuri suplimentare)<\/li>\n<li>Intretinerea zilnica a camerelor<\/li>\n<\/ul>\n<p>&nbsp;<\/p>\n<p><strong>Securitate<\/strong><\/p>\n<ul class=\"lst-kix_y7nrrvumai5b-0 start\">\n<li>Protectie 24h<\/li>\n<li>Alarma de siguranta<\/li>\n<li>Detectoare de fum<\/li>\n<li>CCTV in jurul proprietatii<\/li>\n<li>Extinctoare<\/li>\n<\/ul>\n<p>&nbsp;<\/p>\n<p><strong>Limbi vorbite<\/strong><\/p>\n<ul class=\"lst-kix_mpq2utikkym7-0 start\">\n<li>Engleza<\/li>\n<li>Romana<\/li>\n<\/ul>\n<p>&nbsp;<\/p>\n<p><strong>Sanatate si igiena<\/strong><\/p>\n<p>&nbsp;<\/p>\n<p><strong>Aspecte generale:<\/strong><\/p>\n<ul class=\"lst-kix_f7n7flve722j-0 start\">\n<li>Personalul respecta toate protocoalele de igiena impuse de autorit\u0103\u021bile sanitare<\/li>\n<li>Dezinfectant de maini disponibil \u00een toate zonele comune ale hotelului<\/li>\n<li>Trusa de prim-ajutor<\/li>\n<\/ul>\n<p>&nbsp;<\/p>\n<p><strong>Distantare fizica<\/strong><\/p>\n<ul class=\"lst-kix_fqlymgyzwv8q-0 start\">\n<li>Plata cu cardul este disponibila<\/li>\n<li>Sunt respectate regulile in vigoare legate de distantarea sociala in toate spatiile hotelului si ale restaurantului<\/li>\n<\/ul>\n<p>&nbsp;<\/p>\n<p><strong>Dezinfectarea si curatarea suprafetelor<\/strong><\/p>\n<ul class=\"lst-kix_p73ibji0c7oi-0 start\">\n<li>Sunt folositi dezinfectanti eficienti impotriva Coronavirus<\/li>\n<li>Lenjeria si prosoapele sunt curatate in conformitate cu normele autoritatilor<\/li>\n<li>Camerele sunt dezinfectate intre rezervari<\/li>\n<\/ul>\n<p>&nbsp;<\/p>\n<p><strong>Siguranta alimentelor<\/strong><\/p>\n<ul class=\"lst-kix_nxeoa3d8xvrl-0 start\">\n<li>Se respecta regulile de distantare sociala in restaurant<\/li>\n<li>Mancarea poate fi livrata in camera<\/li>\n<li>Toate tacamurile sunt dezinfectate<\/li>\n<\/ul>\n<p>&nbsp;<\/p>\n<p><strong>Sustenabilitate<\/strong><\/p>\n<ul class=\"lst-kix_wi8veme1jph8-0 start\">\n<li>Exista dispenser de apa disponibil in zona de Mini Lounge<\/li>\n<li>Economisim apa oferind posibilitatea de refolosire a prosoapelor pentru mai mult de o zi<\/li>\n<li>Electricitatea este controlata in mod automat cu ajutorul cartelei<\/li>\n<\/ul>\n<p>&nbsp;<\/p>\n<p><strong>Reguli generale<\/strong><\/p>\n<ul class=\"lst-kix_bv9qtsrvnqmq-0 start\">\n<li>Check-in\/Check-out<\/li>\n<\/ul>\n<p>Check-in-ul se va realiza incepand cu ora 15:00, iar check-out-ul se va realiza pana in maxim ora 11:00.<\/p>\n<p>Late check-out este posibil in functie de gradul de ocupare al hotelului si se tarifeaza in functie de orarul dorit:<br \/>\n11:00 &#8211; 15:00 &#8211; 25% tarif\/noapte<br \/>\n11:00 &#8211; 18:00 &#8211; 50% tarif\/noapte<br \/>\ndupa ora 18:00 &#8211; tarif intreg\/noapte<\/p>\n<ul class=\"lst-kix_i16y06pjv4uv-0 start\">\n<li>Internet<\/li>\n<\/ul>\n<p>Wi-Fi disponibil \u00een toate spatiile interioare.<\/p>\n<ul class=\"lst-kix_ku9o7eduyj2x-0 start\">\n<li>Limita de varsta<\/li>\n<\/ul>\n<p>Limita de varsta pentru check-in este cea de 18 ani.<\/p>\n<ul class=\"lst-kix_2yap61oj9a1c-0 start\">\n<li>Parcare<\/li>\n<\/ul>\n<p>Parcarea gratuita in fata hotelului.<\/p>\n<p>Parcare acoperita supraetajata publica cu taxa la 50m de hotel.<\/p>\n<ul class=\"lst-kix_2d6029p2f50w-0 start\">\n<li>Animale de companie<\/li>\n<\/ul>\n<p>Nu sunt acceptate animalele de companie.<\/p>\n<ul class=\"lst-kix_c9xx85kj7mcz-0 start\">\n<li>Carti de credit<\/li>\n<\/ul>\n<p>Sunt acceptate cartile de credit, precum cele de la Mastercard sau Visa.<\/p>\n<p>&nbsp;<\/p>\n<p><strong>Copii si paturi suplimentare<\/strong><\/p>\n<p>Familiile cu copii de orice varsta sunt bineveniti. Desi hotelul nu ofera facilitati deosebite pentru copii, in suita premium sau in camerele mai spatioase poate fi pus la dispozitie un pat suplimentar &#8211; 25% tarif\/noapte.<\/p>\n<p>Copii 0-2 ani la cerere beneficiaza de patut.<\/p>\n<p>Copiii peste 16 ani sunt considerati adulti si nu pot beneficia de cazare gratuita.<\/p>\n<p>&nbsp;<\/p>\n<p><strong>Informatii importante<\/strong><\/p>\n<p><strong>Informatii legate de pretul aferent cazarii si al micului dejun aplicabil pentru copii:<\/strong><\/p>\n<ul class=\"lst-kix_c2p6v7wgcv70-0 start\">\n<li>Copiii intre 0-3 ani beneficiaza de cazare si mic dejun gratuite.<\/li>\n<li>Copiii intre 3-7 ani beneficiaza de cazare si reducere de 50% din pretul micului dejun.<\/li>\n<li>Copiii intre 7-16 beneficiaza\u0103 de cazare gratuita iar micul dejun este tarifat la pret \u00eentreg.<\/li>\n<\/ul>\n<p>&nbsp;<\/p>\n<p><strong>Imprejurimile hotelului<\/strong><\/p>\n<p><strong>Principalele atractii:<\/strong><\/p>\n<ul class=\"lst-kix_b4myow4ptlpi-0 start\">\n<li>Telegondola Mamaia<\/li>\n<li>Cladirea Cazinoului Mamaia<\/li>\n<li>Piateta din fata Cazinoului<\/li>\n<li>Palatul Reginei Maria<\/li>\n<li>Casa Barbu Stirbey<\/li>\n<li>Vila Albatros &#8211; Prima vila construita in statiunea Mamaia<\/li>\n<li>Lacul Siutghiol<\/li>\n<li>Aqua Magic<\/li>\n<li>Parcul JT Watersports<\/li>\n<li>Plimbari cu vaporasul spre insula lui Ovidiu<\/li>\n<\/ul>\n<p><strong>Transport public<\/strong><\/p>\n<ul class=\"lst-kix_jmjsu8tf8vik-0 start\">\n<li>Autobuzul 100M<\/li>\n<\/ul>\n<p><strong>Aeroporturi in apropiere<\/strong><\/p>\n<ul class=\"lst-kix_6802sdkj9c80-0 start\">\n<li>Aeroportul International Mihail Kogalniceanu<\/li>\n<\/ul>\n<p><\/p>","protected":false},"excerpt":{"rendered":"<p>Onal Boutique Hotelier se afla chiar in inima statiunii Mamaia, in imediata apropiere a Cazinoului, cu vedere catre Piateta din fata acestuia. Plaja se afla la doar 2 minute de mers pe jos, oferind astfel acces facil la cea mai importanta atractie a statiunii: Marea Neagra. De asemenea, hotelul se afla si in apropierea altor&hellip; <a class=\"more-link\" href=\"https:\/\/www.onal.ro\/ro\/despre\/\">Continue reading <span class=\"screen-reader-text\">Despre<\/span><\/a><\/p>\n","protected":false},"author":1,"featured_media":0,"parent":0,"menu_order":0,"comment_status":"closed","ping_status":"closed","template":"despre.php","meta":{"footnotes":""},"class_list":["post-32","page","type-page","status-publish","hentry","entry"],"acf":[],"_links":{"self":[{"href":"https:\/\/www.onal.ro\/ro\/wp-json\/wp\/v2\/pages\/32","targetHints":{"allow":["GET"]}}],"collection":[{"href":"https:\/\/www.onal.ro\/ro\/wp-json\/wp\/v2\/pages"}],"about":[{"href":"https:\/\/www.onal.ro\/ro\/wp-json\/wp\/v2\/types\/page"}],"author":[{"embeddable":true,"href":"https:\/\/www.onal.ro\/ro\/wp-json\/wp\/v2\/users\/1"}],"replies":[{"embeddable":true,"href":"https:\/\/www.onal.ro\/ro\/wp-json\/wp\/v2\/comments?post=32"}],"version-history":[{"count":11,"href":"https:\/\/www.onal.ro\/ro\/wp-json\/wp\/v2\/pages\/32\/revisions"}],"predecessor-version":[{"id":416,"href":"https:\/\/www.onal.ro\/ro\/wp-json\/wp\/v2\/pages\/32\/revisions\/416"}],"wp:attachment":[{"href":"https:\/\/www.onal.ro\/ro\/wp-json\/wp\/v2\/media?parent=32"}],"curies":[{"name":"wp","href":"https:\/\/api.w.org\/{rel}","templated":true}]}}